{"id":2394,"date":"2023-10-04T10:41:33","date_gmt":"2023-10-04T08:41:33","guid":{"rendered":"https:\/\/clinique-science-beaute.fr\/informacion-legal\/"},"modified":"2025-12-18T11:35:39","modified_gmt":"2025-12-18T10:35:39","slug":"informacion-legal","status":"publish","type":"page","link":"https:\/\/clinique-science-beaute.fr\/es\/informacion-legal\/","title":{"rendered":"Informaci\u00f3n legal"},"content":{"rendered":"\n<h2 class=\"wp-block-heading\"><strong>1. Informaci\u00f3n legal<\/strong><\/h2>\n\n<p>De conformidad con las disposiciones de los art\u00edculos 6-III y 19 de la Ley francesa sobre la confianza en la econom\u00eda digital, te informamos de que este sitio web est\u00e1 alojado en :<\/p>\n\n<p>OVH SAS con un capital de 10.069.020 euros<\/p>\n\n<p>RCS Lille M\u00e9tropole 424 761 419 00045<\/p>\n\n<p>C\u00f3digo APE 2620Z<\/p>\n\n<p>N\u00daMERO DE IVA: FR 22 424 761 419<\/p>\n\n<p>Domicilio social: 2 rue Kellermann &#8211; 59100 Roubaix &#8211; Francia<\/p>\n\n<h2 class=\"wp-block-heading\"><strong>2. Derechos de autor y propiedad intelectual<\/strong><\/h2>\n\n<p>Todos los elementos de nuestro sitio est\u00e1n protegidos por las disposiciones del C\u00f3digo de la Propiedad Intelectual franc\u00e9s. En consecuencia, queda prohibida cualquier reproducci\u00f3n total o parcial de los mismos, as\u00ed como su imitaci\u00f3n, sin nuestro consentimiento expreso previo y por escrito. <\/p>\n\n<p>Est\u00e1 estrictamente prohibido recopilar y utilizar la informaci\u00f3n disponible en el sitio con fines comerciales.<\/p>\n\n<p>Esta prohibici\u00f3n incluye, entre otros, todos los elementos editoriales que aparecen en el sitio, la presentaci\u00f3n de pantallas, el software necesario para el funcionamiento, logotipos, im\u00e1genes, fotos y gr\u00e1ficos de cualquier tipo.<\/p>\n\n<h2 class=\"wp-block-heading\"><strong>3. Cookies<\/strong><\/h2>\n\n<p>Este sitio web utiliza cookies, y el servidor web recoge informaci\u00f3n sobre c\u00f3mo se utiliza nuestro sitio. La informaci\u00f3n recogida incluye, por ejemplo, la fecha y hora de las visitas, el n\u00famero de p\u00e1ginas vistas y el tiempo pasado en nuestro sitio. <\/p>\n\n<p>La informaci\u00f3n recopilada no se utilizar\u00e1 para ning\u00fan otro fin y, en particular, no se utilizar\u00e1 con fines comerciales sin tu permiso.<\/p>\n\n<p>Las cookies son peque\u00f1os archivos de texto que incluyen un identificador an\u00f3nimo. Cuando visitas un sitio web, el sitio pide permiso a tu ordenador para guardar este archivo en un directorio de tu disco duro dedicado a las cookies. Cada sitio puede guardar su propia cookie si la configuraci\u00f3n de tu navegador lo permite, pero para proteger tu privacidad, tu navegador s\u00f3lo permite que un sitio acceda a la cookie que ha guardado, y no a las cookies guardadas por otros sitios.  <\/p>\n","protected":false},"excerpt":{"rendered":"<p>1. Informaci\u00f3n legal De conformidad con las disposiciones de los art\u00edculos 6-III y 19 de la Ley francesa sobre la confianza en la econom\u00eda digital, te informamos de que este sitio web est\u00e1 alojado en : OVH SAS con un &#8230; <\/p>\n<p class=\"read-more-container\"><a title=\"Informaci\u00f3n legal\" class=\"read-more button\" href=\"https:\/\/clinique-science-beaute.fr\/es\/informacion-legal\/#more-2394\" aria-label=\"M\u00e1s en Informaci\u00f3n legal\">Lire plus<\/a><\/p>\n","protected":false},"author":1,"featured_media":0,"parent":0,"menu_order":0,"comment_status":"closed","ping_status":"closed","template":"","meta":{"footnotes":""},"class_list":["post-2394","page","type-page","status-publish"],"yoast_head":"<!-- This site is optimized with the Yoast SEO plugin v27.5 - https:\/\/yoast.com\/product\/yoast-seo-wordpress\/ -->\n<title>Informaci\u00f3n legal - Le guide ultime pour \u00eatre la meilleure version de vous-m\u00eame gr\u00e2ce au Blog Beaut\u00e9<\/title>\n<meta name=\"robots\" content=\"noindex, nofollow\" \/>\n<meta property=\"og:locale\" content=\"es_ES\" \/>\n<meta property=\"og:type\" content=\"article\" \/>\n<meta property=\"og:title\" content=\"Informaci\u00f3n legal - Le guide ultime pour \u00eatre la meilleure version de vous-m\u00eame gr\u00e2ce au Blog Beaut\u00e9\" \/>\n<meta property=\"og:description\" content=\"1. Informaci\u00f3n legal De conformidad con las disposiciones de los art\u00edculos 6-III y 19 de la Ley francesa sobre la confianza en la econom\u00eda digital, te informamos de que este sitio web est\u00e1 alojado en : OVH SAS con un ... Lire plus\" \/>\n<meta property=\"og:url\" content=\"https:\/\/clinique-science-beaute.fr\/es\/informacion-legal\/\" \/>\n<meta property=\"og:site_name\" content=\"Le guide ultime pour \u00eatre la meilleure version de vous-m\u00eame gr\u00e2ce au Blog Beaut\u00e9\" \/>\n<meta property=\"article:modified_time\" content=\"2025-12-18T10:35:39+00:00\" \/>\n<meta name=\"twitter:card\" content=\"summary_large_image\" \/>\n<meta name=\"twitter:label1\" content=\"Tiempo de lectura\" \/>\n\t<meta name=\"twitter:data1\" content=\"2 minutos\" \/>\n<script type=\"application\/ld+json\" class=\"yoast-schema-graph\">{\"@context\":\"https:\\\/\\\/schema.org\",\"@graph\":[{\"@type\":\"WebPage\",\"@id\":\"https:\\\/\\\/clinique-science-beaute.fr\\\/es\\\/informacion-legal\\\/\",\"url\":\"https:\\\/\\\/clinique-science-beaute.fr\\\/es\\\/informacion-legal\\\/\",\"name\":\"Informaci\u00f3n legal - Le guide ultime pour \u00eatre la meilleure version de vous-m\u00eame gr\u00e2ce au Blog Beaut\u00e9\",\"isPartOf\":{\"@id\":\"https:\\\/\\\/clinique-science-beaute.fr\\\/es\\\/#website\"},\"datePublished\":\"2023-10-04T08:41:33+00:00\",\"dateModified\":\"2025-12-18T10:35:39+00:00\",\"breadcrumb\":{\"@id\":\"https:\\\/\\\/clinique-science-beaute.fr\\\/es\\\/informacion-legal\\\/#breadcrumb\"},\"inLanguage\":\"es\",\"potentialAction\":[{\"@type\":\"ReadAction\",\"target\":[\"https:\\\/\\\/clinique-science-beaute.fr\\\/es\\\/informacion-legal\\\/\"]}]},{\"@type\":\"BreadcrumbList\",\"@id\":\"https:\\\/\\\/clinique-science-beaute.fr\\\/es\\\/informacion-legal\\\/#breadcrumb\",\"itemListElement\":[{\"@type\":\"ListItem\",\"position\":1,\"name\":\"Accueil\",\"item\":\"https:\\\/\\\/clinique-science-beaute.fr\\\/es\\\/la-guia-definitiva-para-ser-la-mejor-version-de-ti-misma-con-un-blog-de-belleza\\\/\"},{\"@type\":\"ListItem\",\"position\":2,\"name\":\"Informaci\u00f3n legal\"}]},{\"@type\":\"WebSite\",\"@id\":\"https:\\\/\\\/clinique-science-beaute.fr\\\/es\\\/#website\",\"url\":\"https:\\\/\\\/clinique-science-beaute.fr\\\/es\\\/\",\"name\":\"Le guide ultime pour \u00eatre la meilleure version de vous-m\u00eame gr\u00e2ce au Blog Beaut\u00e9\",\"description\":\"\",\"publisher\":{\"@id\":\"https:\\\/\\\/clinique-science-beaute.fr\\\/es\\\/#organization\"},\"potentialAction\":[{\"@type\":\"SearchAction\",\"target\":{\"@type\":\"EntryPoint\",\"urlTemplate\":\"https:\\\/\\\/clinique-science-beaute.fr\\\/es\\\/?s={search_term_string}\"},\"query-input\":{\"@type\":\"PropertyValueSpecification\",\"valueRequired\":true,\"valueName\":\"search_term_string\"}}],\"inLanguage\":\"es\"},{\"@type\":\"Organization\",\"@id\":\"https:\\\/\\\/clinique-science-beaute.fr\\\/es\\\/#organization\",\"name\":\"Le guide ultime pour \u00eatre la meilleure version de vous-m\u00eame gr\u00e2ce au Blog Beaut\u00e9\",\"url\":\"https:\\\/\\\/clinique-science-beaute.fr\\\/es\\\/\",\"logo\":{\"@type\":\"ImageObject\",\"inLanguage\":\"es\",\"@id\":\"https:\\\/\\\/clinique-science-beaute.fr\\\/es\\\/#\\\/schema\\\/logo\\\/image\\\/\",\"url\":\"https:\\\/\\\/clinique-science-beaute.fr\\\/wp-content\\\/uploads\\\/2023\\\/10\\\/cropped-1.png\",\"contentUrl\":\"https:\\\/\\\/clinique-science-beaute.fr\\\/wp-content\\\/uploads\\\/2023\\\/10\\\/cropped-1.png\",\"width\":277,\"height\":355,\"caption\":\"Le guide ultime pour \u00eatre la meilleure version de vous-m\u00eame gr\u00e2ce au Blog Beaut\u00e9\"},\"image\":{\"@id\":\"https:\\\/\\\/clinique-science-beaute.fr\\\/es\\\/#\\\/schema\\\/logo\\\/image\\\/\"}}]}<\/script>\n<!-- \/ Yoast SEO plugin. -->","yoast_head_json":{"title":"Informaci\u00f3n legal - Le guide ultime pour \u00eatre la meilleure version de vous-m\u00eame gr\u00e2ce au Blog Beaut\u00e9","robots":{"index":"noindex","follow":"nofollow"},"og_locale":"es_ES","og_type":"article","og_title":"Informaci\u00f3n legal - Le guide ultime pour \u00eatre la meilleure version de vous-m\u00eame gr\u00e2ce au Blog Beaut\u00e9","og_description":"1. Informaci\u00f3n legal De conformidad con las disposiciones de los art\u00edculos 6-III y 19 de la Ley francesa sobre la confianza en la econom\u00eda digital, te informamos de que este sitio web est\u00e1 alojado en : OVH SAS con un ... Lire plus","og_url":"https:\/\/clinique-science-beaute.fr\/es\/informacion-legal\/","og_site_name":"Le guide ultime pour \u00eatre la meilleure version de vous-m\u00eame gr\u00e2ce au Blog Beaut\u00e9","article_modified_time":"2025-12-18T10:35:39+00:00","twitter_card":"summary_large_image","twitter_misc":{"Tiempo de lectura":"2 minutos"},"schema":{"@context":"https:\/\/schema.org","@graph":[{"@type":"WebPage","@id":"https:\/\/clinique-science-beaute.fr\/es\/informacion-legal\/","url":"https:\/\/clinique-science-beaute.fr\/es\/informacion-legal\/","name":"Informaci\u00f3n legal - Le guide ultime pour \u00eatre la meilleure version de vous-m\u00eame gr\u00e2ce au Blog Beaut\u00e9","isPartOf":{"@id":"https:\/\/clinique-science-beaute.fr\/es\/#website"},"datePublished":"2023-10-04T08:41:33+00:00","dateModified":"2025-12-18T10:35:39+00:00","breadcrumb":{"@id":"https:\/\/clinique-science-beaute.fr\/es\/informacion-legal\/#breadcrumb"},"inLanguage":"es","potentialAction":[{"@type":"ReadAction","target":["https:\/\/clinique-science-beaute.fr\/es\/informacion-legal\/"]}]},{"@type":"BreadcrumbList","@id":"https:\/\/clinique-science-beaute.fr\/es\/informacion-legal\/#breadcrumb","itemListElement":[{"@type":"ListItem","position":1,"name":"Accueil","item":"https:\/\/clinique-science-beaute.fr\/es\/la-guia-definitiva-para-ser-la-mejor-version-de-ti-misma-con-un-blog-de-belleza\/"},{"@type":"ListItem","position":2,"name":"Informaci\u00f3n legal"}]},{"@type":"WebSite","@id":"https:\/\/clinique-science-beaute.fr\/es\/#website","url":"https:\/\/clinique-science-beaute.fr\/es\/","name":"Le guide ultime pour \u00eatre la meilleure version de vous-m\u00eame gr\u00e2ce au Blog Beaut\u00e9","description":"","publisher":{"@id":"https:\/\/clinique-science-beaute.fr\/es\/#organization"},"potentialAction":[{"@type":"SearchAction","target":{"@type":"EntryPoint","urlTemplate":"https:\/\/clinique-science-beaute.fr\/es\/?s={search_term_string}"},"query-input":{"@type":"PropertyValueSpecification","valueRequired":true,"valueName":"search_term_string"}}],"inLanguage":"es"},{"@type":"Organization","@id":"https:\/\/clinique-science-beaute.fr\/es\/#organization","name":"Le guide ultime pour \u00eatre la meilleure version de vous-m\u00eame gr\u00e2ce au Blog Beaut\u00e9","url":"https:\/\/clinique-science-beaute.fr\/es\/","logo":{"@type":"ImageObject","inLanguage":"es","@id":"https:\/\/clinique-science-beaute.fr\/es\/#\/schema\/logo\/image\/","url":"https:\/\/clinique-science-beaute.fr\/wp-content\/uploads\/2023\/10\/cropped-1.png","contentUrl":"https:\/\/clinique-science-beaute.fr\/wp-content\/uploads\/2023\/10\/cropped-1.png","width":277,"height":355,"caption":"Le guide ultime pour \u00eatre la meilleure version de vous-m\u00eame gr\u00e2ce au Blog Beaut\u00e9"},"image":{"@id":"https:\/\/clinique-science-beaute.fr\/es\/#\/schema\/logo\/image\/"}}]}},"_links":{"self":[{"href":"https:\/\/clinique-science-beaute.fr\/es\/wp-json\/wp\/v2\/pages\/2394","targetHints":{"allow":["GET"]}}],"collection":[{"href":"https:\/\/clinique-science-beaute.fr\/es\/wp-json\/wp\/v2\/pages"}],"about":[{"href":"https:\/\/clinique-science-beaute.fr\/es\/wp-json\/wp\/v2\/types\/page"}],"author":[{"embeddable":true,"href":"https:\/\/clinique-science-beaute.fr\/es\/wp-json\/wp\/v2\/users\/1"}],"replies":[{"embeddable":true,"href":"https:\/\/clinique-science-beaute.fr\/es\/wp-json\/wp\/v2\/comments?post=2394"}],"version-history":[{"count":1,"href":"https:\/\/clinique-science-beaute.fr\/es\/wp-json\/wp\/v2\/pages\/2394\/revisions"}],"predecessor-version":[{"id":2396,"href":"https:\/\/clinique-science-beaute.fr\/es\/wp-json\/wp\/v2\/pages\/2394\/revisions\/2396"}],"wp:attachment":[{"href":"https:\/\/clinique-science-beaute.fr\/es\/wp-json\/wp\/v2\/media?parent=2394"}],"curies":[{"name":"wp","href":"https:\/\/api.w.org\/{rel}","templated":true}]}}